{"id":227,"date":"2018-03-08T17:11:05","date_gmt":"2018-03-08T21:11:05","guid":{"rendered":"http:\/\/staging.espoir-qc.ca\/?page_id=227"},"modified":"2024-08-29T22:01:11","modified_gmt":"2024-08-30T02:01:11","slug":"qui-nous-sommes","status":"publish","type":"page","link":"https:\/\/espoir-qc.ca\/?page_id=227","title":{"rendered":"Qui nous sommes"},"content":{"rendered":"<\/p>\n<p><strong><u>Centre<\/u><\/strong><strong><u>&nbsp;d\u2019<\/u><\/strong><strong style=\"margin-bottom: 0px;\"><u>E<\/u><\/strong><strong><u>ducation, de&nbsp;<\/u><\/strong><strong><u>S<\/u><\/strong><strong><u>ervices&nbsp;<\/u><\/strong><strong><u>P<\/u><\/strong><strong><u>rofessionnels et&nbsp;<\/u><\/strong><strong><u>O<\/u><\/strong><strong><u>rientation pour les&nbsp;<\/u><\/strong><strong><u>I<\/u><\/strong><strong><u>mmigrants et&nbsp;<\/u><\/strong><strong><u>R<\/u><\/strong><strong><u>\u00e9sidents du&nbsp;<\/u><\/strong><strong><u>Qu\u00e9bec<\/u><\/strong><\/p>\n<p><strong>Slogan&nbsp;:&nbsp;<\/strong><em>Agir pour Construire<\/em><\/p>\n\n\n<p>Qui nous sommes<\/p>\n<p>Le Centre ESPOIR Qu\u00e9bec a \u00e9t\u00e9 incorpor\u00e9 en 2011 en tant qu&#8217;organisme \u00e0 but non lucratif.<\/p>\n<p>En 2021, il a re\u00e7u son statut d&#8217;organisme de bienfaisance de l&#8217;Agence du revenu du Canada et peut d\u00e9sormais d\u00e9livrer aux donateurs des re\u00e7us pour dons aux fins de l&#8217;imp\u00f4t sur le revenu.<\/p>\n<p>Nous menons actuellement nos activit\u00e9s dans le b\u00e2timent communautaire appartenant \u00e0 l&#8217;\u00e9glise orthodoxe copte de la Vierge Marie.<\/p>\n<p>Notre adresse est le 6098 Grande All\u00e9e, Saint-Hubert, J3Y 1B4.<\/p>\n<p>Le Centre ESPOIR Qu\u00e9bec ne s&#8217;implique dans aucune activit\u00e9 religieuse et offre ses services \u00e0 tous ceux qui les recherchent sans aucune discrimination de race ou de sexe.<\/p>\n<p>Les sources de financement du Centre ESPOIR Qu\u00e9bec sont principalement des subventions gouvernementales et des dons d&#8217;entreprises et de particuliers.<\/p>\n<p>Le conseil d&#8217;administration est compos\u00e9 de 4 membres qui sont b\u00e9n\u00e9voles et ne re\u00e7oivent aucune r\u00e9mun\u00e9ration de la part du Centre ESPOIR Qu\u00e9bec.<\/p>\n<table style=\"border-collapse: collapse; width: 100%; height: 929px;\">\n<tbody>\n<tr style=\"height: 326px;\">\n<td style=\"width: 50%; height: 326px;\">\n<p><strong>Tadros Mourad El-Masry<\/strong><\/p>\n<p>Pr\u00e9sident du Centre ESPOIR Qu\u00e9bec\u00a0<\/p>\n<p>Pr\u00eatre de l\u2019\u00c9glise copte orthodoxe de la Vierge Marie<\/p>\n<p>Pr\u00e9sident de l&#8217;Acad\u00e9mie Marie-Emmanuel Garderie \u00e0 but non lucratif.<\/p>\n<\/td>\n<td style=\"width: 50%; height: 326px;\"><img loading=\"lazy\" decoding=\"async\" class=\"size-medium wp-image-650 aligncenter\" src=\"http:\/\/espoir-qc.ca\/wp-content\/uploads\/2022\/11\/Tadros-222x300.png\" alt=\"\" width=\"222\" height=\"300\" srcset=\"https:\/\/espoir-qc.ca\/wp-content\/uploads\/2022\/11\/Tadros-222x300.png 222w, https:\/\/espoir-qc.ca\/wp-content\/uploads\/2022\/11\/Tadros.png 444w\" sizes=\"(max-width: 222px) 100vw, 222px\" \/><\/td>\n<\/tr>\n<tr style=\"height: 303px;\">\n<td style=\"width: 50%; height: 303px;\">\n<p><strong>Soad Ghattas<\/strong><\/p>\n<p>Secr\u00e9taire<\/p>\n<p>Programmeur et analyste informatique retrait\u00e9e<\/p>\n<\/td>\n<td style=\"width: 50%; height: 303px;\"><img loading=\"lazy\" decoding=\"async\" class=\"size-medium wp-image-649 aligncenter\" src=\"http:\/\/espoir-qc.ca\/wp-content\/uploads\/2022\/11\/Soad-222x300.png\" alt=\"\" width=\"222\" height=\"300\" srcset=\"https:\/\/espoir-qc.ca\/wp-content\/uploads\/2022\/11\/Soad-222x300.png 222w, https:\/\/espoir-qc.ca\/wp-content\/uploads\/2022\/11\/Soad-756x1024.png 756w, https:\/\/espoir-qc.ca\/wp-content\/uploads\/2022\/11\/Soad-768x1040.png 768w, https:\/\/espoir-qc.ca\/wp-content\/uploads\/2022\/11\/Soad-816x1105.png 816w, https:\/\/espoir-qc.ca\/wp-content\/uploads\/2022\/11\/Soad.png 907w\" sizes=\"(max-width: 222px) 100vw, 222px\" \/><\/td>\n<\/tr>\n<tr style=\"height: 275px;\">\n<td style=\"width: 50%; height: 275px;\">\n<p><strong>Marie Guirguis<\/strong><\/p>\n<p>Secr\u00e9taire, C\u00e9gep Saint-Jean sur Richelieu<\/p>\n<\/td>\n<td style=\"width: 50%; height: 275px;\"><img loading=\"lazy\" decoding=\"async\" class=\"size-full wp-image-648 aligncenter\" src=\"http:\/\/espoir-qc.ca\/wp-content\/uploads\/2022\/11\/Marie.png\" alt=\"\" width=\"175\" height=\"272\" \/><\/td>\n<\/tr>\n<tr style=\"height: 25px;\">\n<td style=\"width: 50%; height: 25px;\">\n<p><strong>Cherine Rizk<\/strong><\/p>\n<p>Agente immobili\u00e8re<\/p>\n<\/td>\n<td style=\"width: 50%; height: 25px;\"><img loading=\"lazy\" decoding=\"async\" class=\"size-full wp-image-948 aligncenter\" src=\"http:\/\/espoir-qc.ca\/wp-content\/uploads\/2024\/08\/Cherine-Rizk.jpg\" alt=\"\" width=\"200\" height=\"200\" srcset=\"https:\/\/espoir-qc.ca\/wp-content\/uploads\/2024\/08\/Cherine-Rizk.jpg 200w, https:\/\/espoir-qc.ca\/wp-content\/uploads\/2024\/08\/Cherine-Rizk-150x150.jpg 150w, https:\/\/espoir-qc.ca\/wp-content\/uploads\/2024\/08\/Cherine-Rizk-88x88.jpg 88w\" sizes=\"(max-width: 200px) 100vw, 200px\" \/><\/td>\n<\/tr>\n<\/tbody>\n<\/table>\n","protected":false},"excerpt":{"rendered":"<p>Centre&nbsp;d\u2019Education, de&nbsp;Services&nbsp;Professionnels et&nbsp;Orientation pour les&nbsp;Immigrants et&nbsp;R\u00e9sidents du&nbsp;Qu\u00e9bec Slogan&nbsp;:&nbsp;Agir pour Construire Qui nous sommes Le Centre ESPOIR Qu\u00e9bec a \u00e9t\u00e9 incorpor\u00e9 en 2011 en tant qu&#8217;organisme \u00e0 but non lucratif. En 2021, il a re\u00e7u son statut d&#8217;organisme de bienfaisance de l&#8217;Agence du revenu du Canada et peut d\u00e9sormais d\u00e9livrer aux donateurs des re\u00e7us pour dons [&hellip;]<\/p>\n","protected":false},"author":2,"featured_media":0,"parent":0,"menu_order":0,"comment_status":"closed","ping_status":"closed","template":"","meta":{"footnotes":""},"class_list":["post-227","page","type-page","status-publish","hentry"],"_links":{"self":[{"href":"https:\/\/espoir-qc.ca\/index.php?rest_route=\/wp\/v2\/pages\/227"}],"collection":[{"href":"https:\/\/espoir-qc.ca\/index.php?rest_route=\/wp\/v2\/pages"}],"about":[{"href":"https:\/\/espoir-qc.ca\/index.php?rest_route=\/wp\/v2\/types\/page"}],"author":[{"embeddable":true,"href":"https:\/\/espoir-qc.ca\/index.php?rest_route=\/wp\/v2\/users\/2"}],"replies":[{"embeddable":true,"href":"https:\/\/espoir-qc.ca\/index.php?rest_route=%2Fwp%2Fv2%2Fcomments&post=227"}],"version-history":[{"count":7,"href":"https:\/\/espoir-qc.ca\/index.php?rest_route=\/wp\/v2\/pages\/227\/revisions"}],"predecessor-version":[{"id":949,"href":"https:\/\/espoir-qc.ca\/index.php?rest_route=\/wp\/v2\/pages\/227\/revisions\/949"}],"wp:attachment":[{"href":"https:\/\/espoir-qc.ca\/index.php?rest_route=%2Fwp%2Fv2%2Fmedia&parent=227"}],"curies":[{"name":"wp","href":"https:\/\/api.w.org\/{rel}","templated":true}]}}