{"id":236,"date":"2018-03-08T17:19:25","date_gmt":"2018-03-08T21:19:25","guid":{"rendered":"http:\/\/staging.espoir-qc.ca\/?page_id=236"},"modified":"2018-03-08T17:23:29","modified_gmt":"2018-03-08T21:23:29","slug":"mission-et-vision","status":"publish","type":"page","link":"https:\/\/espoir-qc.ca\/?page_id=236","title":{"rendered":"Mission et Vision"},"content":{"rendered":"<p><strong><img loading=\"lazy\" decoding=\"async\" class=\"alignnone size-full wp-image-142\" src=\"http:\/\/staging.espoir-qc.ca\/wp-content\/uploads\/2018\/03\/espoir_logo.png\" alt=\"\" width=\"167\" height=\"60\" \/><\/strong><\/p>\n<p><strong>Mission\u00a0:<\/strong><\/p>\n<p>Le centre ESPOIR Qu\u00e9bec\u00a0 offre des ressources et des services adapt\u00e9s aux besoins actuels de la communaut\u00e9 diverse qu\u00e9b\u00e9coise pour d\u00e9velopper les connaissances et les comp\u00e9tences des\u00a0 b\u00e9n\u00e9ficiaires afin d\u2019am\u00e9liorer leurs conditions sociales et \u00e9conomiques.<\/p>\n<p><strong>Vision\u00a0:<\/strong><\/p>\n<p>\u00c0 long terme, \u00eatre un organisme connu, reconnu et inspirant qui donne des opportunit\u00e9s \u00e0 l\u2019ensemble de la population pour faire de notre soci\u00e9t\u00e9 un meilleur milieu de vie.<\/p>\n","protected":false},"excerpt":{"rendered":"<p>Mission\u00a0: Le centre ESPOIR Qu\u00e9bec\u00a0 offre des ressources et des services adapt\u00e9s aux besoins actuels de la communaut\u00e9 diverse qu\u00e9b\u00e9coise pour d\u00e9velopper les connaissances et les comp\u00e9tences des\u00a0 b\u00e9n\u00e9ficiaires afin d\u2019am\u00e9liorer leurs conditions sociales et \u00e9conomiques. Vision\u00a0: \u00c0 long terme, \u00eatre un organisme connu, reconnu et inspirant qui donne des opportunit\u00e9s \u00e0 l\u2019ensemble de la [&hellip;]<\/p>\n","protected":false},"author":2,"featured_media":0,"parent":227,"menu_order":0,"comment_status":"closed","ping_status":"closed","template":"","meta":{"footnotes":""},"class_list":["post-236","page","type-page","status-publish","hentry"],"_links":{"self":[{"href":"https:\/\/espoir-qc.ca\/index.php?rest_route=\/wp\/v2\/pages\/236"}],"collection":[{"href":"https:\/\/espoir-qc.ca\/index.php?rest_route=\/wp\/v2\/pages"}],"about":[{"href":"https:\/\/espoir-qc.ca\/index.php?rest_route=\/wp\/v2\/types\/page"}],"author":[{"embeddable":true,"href":"https:\/\/espoir-qc.ca\/index.php?rest_route=\/wp\/v2\/users\/2"}],"replies":[{"embeddable":true,"href":"https:\/\/espoir-qc.ca\/index.php?rest_route=%2Fwp%2Fv2%2Fcomments&post=236"}],"version-history":[{"count":1,"href":"https:\/\/espoir-qc.ca\/index.php?rest_route=\/wp\/v2\/pages\/236\/revisions"}],"predecessor-version":[{"id":237,"href":"https:\/\/espoir-qc.ca\/index.php?rest_route=\/wp\/v2\/pages\/236\/revisions\/237"}],"up":[{"embeddable":true,"href":"https:\/\/espoir-qc.ca\/index.php?rest_route=\/wp\/v2\/pages\/227"}],"wp:attachment":[{"href":"https:\/\/espoir-qc.ca\/index.php?rest_route=%2Fwp%2Fv2%2Fmedia&parent=236"}],"curies":[{"name":"wp","href":"https:\/\/api.w.org\/{rel}","templated":true}]}}