{"id":611,"date":"2021-05-07T14:23:54","date_gmt":"2021-05-07T18:23:54","guid":{"rendered":"http:\/\/espoir-qc.ca\/?page_id=611"},"modified":"2021-05-07T14:58:37","modified_gmt":"2021-05-07T18:58:37","slug":"traduction-de-documents-certifiee","status":"publish","type":"page","link":"https:\/\/espoir-qc.ca\/?page_id=611","title":{"rendered":"Traduction de documents certifi\u00e9e"},"content":{"rendered":"<p>Centre ESPOIR Qu\u00e9bec vous offre le service de traduction de documents certifi\u00e9e par l\u2019Ordre des traducteurs terminologues et interpr\u00e8tes agr\u00e9\u00e9s du Qu\u00e9bec (OTTIAQ) par moyen de traducteurs agr\u00e9es.<br \/>\nNous vous offrons aussi un service de r\u00e9vision de documents<\/p>\n<p>Nous traduisons les documents en langues Arabe, Fran\u00e7ais, et Anglais<\/p>\n<p><strong><span style=\"text-decoration: underline;\">Exemples de documents :<\/span><\/strong><\/p>\n<p>Certificats\/acte de naissance,<br \/>\nCertificats\/acte de mariage,<br \/>\nCertificats\/acte de d\u00e9c\u00e8s<br \/>\nPermis de conduire<br \/>\nDocuments de divorce (par page)<br \/>\nPasseport (par page)<br \/>\nQualifications acad\u00e9miques et Dipl\u00f4mes<br \/>\nContrats<br \/>\nAutres\u2026<\/p>\n<p>Nos services de traduction sont rapides et \u00e0 prix comp\u00e9titifs.<\/p>\n<p>Envoyez une demande de soumission \u00e0 <a href=\"mailto:info@espoir-qc.ca\">info@espoir-qc.ca<\/a><br \/>\nou T\u00e9l\u00e9chargez vos documents<\/p>\n<p>Paiement par transfert Interac \u00e0 <a href=\"mailto:pay@espoir-qc.ca\">pay@espoir-qc.ca<\/a><\/p>\n<p><strong>Service de livraison :<\/strong><\/p>\n<p>5 $ courrier Post Canada (4-5 jours ouvrables apr\u00e8s que la traduction est pr\u00eate)<br \/>\n22 $ courrier express (2 jours apr\u00e8s que la traduction est pr\u00eate).<\/p>\n\n<div class=\"wpcf7 no-js\" id=\"wpcf7-f610-o1\" lang=\"en-CA\" dir=\"ltr\">\n<div class=\"screen-reader-response\"><p role=\"status\" aria-live=\"polite\" aria-atomic=\"true\"><\/p> <ul><\/ul><\/div>\n<form action=\"\/index.php?rest_route=%2Fwp%2Fv2%2Fpages%2F611#wpcf7-f610-o1\" method=\"post\" class=\"wpcf7-form init\" aria-label=\"Contact form\" enctype=\"multipart\/form-data\" novalidate=\"novalidate\" data-status=\"init\">\n<div style=\"display: none;\">\n<input type=\"hidden\" name=\"_wpcf7\" value=\"610\" \/>\n<input type=\"hidden\" name=\"_wpcf7_version\" value=\"5.9.8\" \/>\n<input type=\"hidden\" name=\"_wpcf7_locale\" value=\"en_CA\" \/>\n<input type=\"hidden\" name=\"_wpcf7_unit_tag\" value=\"wpcf7-f610-o1\" \/>\n<input type=\"hidden\" name=\"_wpcf7_container_post\" value=\"0\" \/>\n<input type=\"hidden\" name=\"_wpcf7_posted_data_hash\" value=\"\" \/>\n<input type=\"hidden\" name=\"_wpcf7cf_hidden_group_fields\" value=\"[]\" \/>\n<input type=\"hidden\" name=\"_wpcf7cf_hidden_groups\" value=\"[]\" \/>\n<input type=\"hidden\" name=\"_wpcf7cf_visible_groups\" value=\"[]\" \/>\n<input type=\"hidden\" name=\"_wpcf7cf_repeaters\" value=\"[]\" \/>\n<input type=\"hidden\" name=\"_wpcf7cf_steps\" value=\"{}\" \/>\n<input type=\"hidden\" name=\"_wpcf7cf_options\" value=\"{&quot;form_id&quot;:610,&quot;conditions&quot;:[],&quot;settings&quot;:{&quot;animation&quot;:&quot;yes&quot;,&quot;animation_intime&quot;:200,&quot;animation_outtime&quot;:200,&quot;conditions_ui&quot;:&quot;normal&quot;,&quot;notice_dismissed&quot;:false}}\" \/>\n<\/div>\n<p><label> Pr\u00e9nom<br \/>\n<span class=\"wpcf7-form-control-wrap\" data-name=\"your-first-name\"><input size=\"40\" maxlength=\"400\" class=\"wpcf7-form-control wpcf7-text wpcf7-validates-as-required\" aria-required=\"true\" aria-invalid=\"false\" value=\"\" type=\"text\" name=\"your-first-name\" \/><\/span> <\/label>\n<\/p>\n<p><label> Nom<br \/>\n<span class=\"wpcf7-form-control-wrap\" data-name=\"your-name\"><input size=\"40\" maxlength=\"400\" class=\"wpcf7-form-control wpcf7-text wpcf7-validates-as-required\" aria-required=\"true\" aria-invalid=\"false\" value=\"\" type=\"text\" name=\"your-name\" \/><\/span> <\/label>\n<\/p>\n<p><label> T\u00e9l\u00e9phone<br \/>\n<span class=\"wpcf7-form-control-wrap\" data-name=\"tel-700\"><input size=\"40\" maxlength=\"400\" class=\"wpcf7-form-control wpcf7-tel wpcf7-validates-as-required wpcf7-text wpcf7-validates-as-tel\" aria-required=\"true\" aria-invalid=\"false\" value=\"\" type=\"tel\" name=\"tel-700\" \/><\/span> <\/label>\n<\/p>\n<p><label> Courriel<br \/>\n<span class=\"wpcf7-form-control-wrap\" data-name=\"your-email\"><input size=\"40\" maxlength=\"400\" class=\"wpcf7-form-control wpcf7-email wpcf7-validates-as-required wpcf7-text wpcf7-validates-as-email\" aria-required=\"true\" aria-invalid=\"false\" value=\"\" type=\"email\" name=\"your-email\" \/><\/span> <\/label>\n<\/p>\n<p><label> Langue source<br \/>\n<span class=\"wpcf7-form-control-wrap\" data-name=\"menu-source_language\"><select class=\"wpcf7-form-control wpcf7-select wpcf7-validates-as-required\" aria-required=\"true\" aria-invalid=\"false\" name=\"menu-source_language\"><option value=\"Anglais\">Anglais<\/option><option value=\"Arabe\">Arabe<\/option><option value=\"Fran\u00e7ais\">Fran\u00e7ais<\/option><\/select><\/span><br \/>\n<\/label>\n<\/p>\n<p><label> Langue cible<br \/>\n<span class=\"wpcf7-form-control-wrap\" data-name=\"menu-target_language\"><select class=\"wpcf7-form-control wpcf7-select wpcf7-validates-as-required\" aria-required=\"true\" aria-invalid=\"false\" name=\"menu-target_language\"><option value=\"Anglais\">Anglais<\/option><option value=\"Arabe\">Arabe<\/option><option value=\"Fran\u00e7ais\">Fran\u00e7ais<\/option><\/select><\/span><br \/>\n<\/label>\n<\/p>\n<p><label> Ech\u00e9ance souhait\u00e9e<br \/>\n<span class=\"wpcf7-form-control-wrap\" data-name=\"date-required\"><input class=\"wpcf7-form-control wpcf7-date wpcf7-validates-as-date\" aria-invalid=\"false\" value=\"\" type=\"date\" name=\"date-required\" \/><\/span><br \/>\n<\/label>\n<\/p>\n<p><label> Joindre des documents<br \/>\n<span class=\"wpcf7-form-control-wrap\" data-name=\"file-translate\"><input size=\"40\" class=\"wpcf7-form-control wpcf7-file wpcf7-validates-as-required\" accept=\"audio\/*,video\/*,image\/*\" aria-required=\"true\" aria-invalid=\"false\" type=\"file\" name=\"file-translate\" \/><\/span><br \/>\n<\/label>\n<\/p>\n<p><input class=\"wpcf7-form-control wpcf7-submit has-spinner\" type=\"submit\" value=\"Envoyer\" \/>\n<\/p><div class=\"wpcf7-response-output\" aria-hidden=\"true\"><\/div>\n<\/form>\n<\/div>\n\n","protected":false},"excerpt":{"rendered":"<p>Centre ESPOIR Qu\u00e9bec vous offre le service de traduction de documents certifi\u00e9e par l\u2019Ordre des traducteurs terminologues et interpr\u00e8tes agr\u00e9\u00e9s du Qu\u00e9bec (OTTIAQ) par moyen de traducteurs agr\u00e9es. Nous vous offrons aussi un service de r\u00e9vision de documents Nous traduisons les documents en langues Arabe, Fran\u00e7ais, et Anglais Exemples de documents : Certificats\/acte de naissance, [&hellip;]<\/p>\n","protected":false},"author":2,"featured_media":0,"parent":0,"menu_order":0,"comment_status":"closed","ping_status":"closed","template":"","meta":{"footnotes":""},"class_list":["post-611","page","type-page","status-publish","hentry"],"_links":{"self":[{"href":"https:\/\/espoir-qc.ca\/index.php?rest_route=\/wp\/v2\/pages\/611"}],"collection":[{"href":"https:\/\/espoir-qc.ca\/index.php?rest_route=\/wp\/v2\/pages"}],"about":[{"href":"https:\/\/espoir-qc.ca\/index.php?rest_route=\/wp\/v2\/types\/page"}],"author":[{"embeddable":true,"href":"https:\/\/espoir-qc.ca\/index.php?rest_route=\/wp\/v2\/users\/2"}],"replies":[{"embeddable":true,"href":"https:\/\/espoir-qc.ca\/index.php?rest_route=%2Fwp%2Fv2%2Fcomments&post=611"}],"version-history":[{"count":2,"href":"https:\/\/espoir-qc.ca\/index.php?rest_route=\/wp\/v2\/pages\/611\/revisions"}],"predecessor-version":[{"id":623,"href":"https:\/\/espoir-qc.ca\/index.php?rest_route=\/wp\/v2\/pages\/611\/revisions\/623"}],"wp:attachment":[{"href":"https:\/\/espoir-qc.ca\/index.php?rest_route=%2Fwp%2Fv2%2Fmedia&parent=611"}],"curies":[{"name":"wp","href":"https:\/\/api.w.org\/{rel}","templated":true}]}}