{"id":959,"date":"2024-08-29T22:45:31","date_gmt":"2024-08-30T02:45:31","guid":{"rendered":"http:\/\/espoir-qc.ca\/?page_id=959"},"modified":"2024-12-12T12:25:20","modified_gmt":"2024-12-12T16:25:20","slug":"nos-commanditaires-2024-2025","status":"publish","type":"page","link":"https:\/\/espoir-qc.ca\/?page_id=959&lang=en","title":{"rendered":"Our Sponsors 2024"},"content":{"rendered":"<table style=\"border-collapse: collapse; width: 100%;\">\n<tbody>\n<tr>\n<td style=\"width: 50%;\">\n<h3>Ville de Brossard<\/h3>\n<\/td>\n<td style=\"width: 50%;\">\n<h3><\/h3>\n<\/td>\n<\/tr>\n<tr>\n<td style=\"width: 50%;\">\n<h3><img loading=\"lazy\" decoding=\"async\" class=\"size-full wp-image-994 aligncenter\" src=\"http:\/\/espoir-qc.ca\/wp-content\/uploads\/2024\/08\/Doreen-Assaad-Mairesse-de-Brossard.jpg\" alt=\"\" width=\"635\" height=\"406\" srcset=\"https:\/\/espoir-qc.ca\/wp-content\/uploads\/2024\/08\/Doreen-Assaad-Mairesse-de-Brossard.jpg 635w, https:\/\/espoir-qc.ca\/wp-content\/uploads\/2024\/08\/Doreen-Assaad-Mairesse-de-Brossard-300x192.jpg 300w\" sizes=\"(max-width: 635px) 100vw, 635px\" \/><\/h3>\n<\/td>\n<td style=\"width: 50%;\">\n<h3><\/h3>\n<\/td>\n<\/tr>\n<tr>\n<td style=\"width: 50%;\">\n<h3>Daniel Lucier<\/h3>\n<\/td>\n<td style=\"width: 50%;\">\n<h3>Banque CIBC<\/h3>\n<\/td>\n<\/tr>\n<tr>\n<td style=\"width: 50%;\">\n<h3><img loading=\"lazy\" decoding=\"async\" class=\"alignnone size-large wp-image-1106\" src=\"http:\/\/espoir-qc.ca\/wp-content\/uploads\/2024\/12\/Daniel-Lucier-1-1024x614.jpg\" alt=\"\" width=\"616\" height=\"369\" srcset=\"https:\/\/espoir-qc.ca\/wp-content\/uploads\/2024\/12\/Daniel-Lucier-1-1024x614.jpg 1024w, https:\/\/espoir-qc.ca\/wp-content\/uploads\/2024\/12\/Daniel-Lucier-1-300x180.jpg 300w, https:\/\/espoir-qc.ca\/wp-content\/uploads\/2024\/12\/Daniel-Lucier-1-768x460.jpg 768w, https:\/\/espoir-qc.ca\/wp-content\/uploads\/2024\/12\/Daniel-Lucier-1-816x489.jpg 816w, https:\/\/espoir-qc.ca\/wp-content\/uploads\/2024\/12\/Daniel-Lucier-1.jpg 1290w\" sizes=\"(max-width: 616px) 100vw, 616px\" \/><\/h3>\n<\/td>\n<td style=\"width: 50%;\">\n<h3><img loading=\"lazy\" decoding=\"async\" class=\"wp-image-960 aligncenter\" src=\"http:\/\/espoir-qc.ca\/wp-content\/uploads\/2024\/08\/Banque-CIBC.jpg\" alt=\"\" width=\"450\" height=\"380\" srcset=\"https:\/\/espoir-qc.ca\/wp-content\/uploads\/2024\/08\/Banque-CIBC.jpg 500w, https:\/\/espoir-qc.ca\/wp-content\/uploads\/2024\/08\/Banque-CIBC-300x253.jpg 300w\" sizes=\"(max-width: 450px) 100vw, 450px\" \/><\/h3>\n<\/td>\n<\/tr>\n<tr>\n<td style=\"width: 50%;\">\n<h3>Catherine Fournier<\/h3>\n<\/td>\n<td style=\"width: 50%;\">\n<h3>March\u00e9 Adonis<\/h3>\n<\/td>\n<\/tr>\n<tr>\n<td style=\"width: 50%;\">\n<h3><img loading=\"lazy\" decoding=\"async\" class=\"alignnone size-full wp-image-1086\" src=\"http:\/\/espoir-qc.ca\/wp-content\/uploads\/2024\/09\/Catherine_Fournier-1.png\" alt=\"\" width=\"782\" height=\"448\" srcset=\"https:\/\/espoir-qc.ca\/wp-content\/uploads\/2024\/09\/Catherine_Fournier-1.png 782w, https:\/\/espoir-qc.ca\/wp-content\/uploads\/2024\/09\/Catherine_Fournier-1-300x172.png 300w, https:\/\/espoir-qc.ca\/wp-content\/uploads\/2024\/09\/Catherine_Fournier-1-768x440.png 768w\" sizes=\"(max-width: 782px) 100vw, 782px\" \/><\/h3>\n<\/td>\n<td style=\"width: 50%;\">\n<h3><img loading=\"lazy\" decoding=\"async\" class=\"wp-image-961 aligncenter\" src=\"http:\/\/espoir-qc.ca\/wp-content\/uploads\/2024\/08\/Marche-Adonis-765x1024.jpg\" alt=\"\" width=\"316\" height=\"423\" srcset=\"https:\/\/espoir-qc.ca\/wp-content\/uploads\/2024\/08\/Marche-Adonis-765x1024.jpg 765w, https:\/\/espoir-qc.ca\/wp-content\/uploads\/2024\/08\/Marche-Adonis-224x300.jpg 224w, https:\/\/espoir-qc.ca\/wp-content\/uploads\/2024\/08\/Marche-Adonis-768x1028.jpg 768w, https:\/\/espoir-qc.ca\/wp-content\/uploads\/2024\/08\/Marche-Adonis-816x1092.jpg 816w, https:\/\/espoir-qc.ca\/wp-content\/uploads\/2024\/08\/Marche-Adonis.jpg 1000w\" sizes=\"(max-width: 316px) 100vw, 316px\" \/><\/h3>\n<\/td>\n<\/tr>\n<tr>\n<td style=\"width: 50%;\">\n<h3>Alvaro Cueto<\/h3>\n<\/td>\n<td style=\"width: 50%;\">\n<h3>Restaurant Boustan<\/h3>\n<\/td>\n<\/tr>\n<tr>\n<td style=\"width: 50%;\">\n<h3><img loading=\"lazy\" decoding=\"async\" class=\"size-large wp-image-1019 aligncenter\" src=\"http:\/\/espoir-qc.ca\/wp-content\/uploads\/2024\/08\/Alvaro-Cueto-Conseillier-municipal-District-Iberville-Longueuil-1024x585.jpg\" alt=\"\" width=\"616\" height=\"352\" srcset=\"https:\/\/espoir-qc.ca\/wp-content\/uploads\/2024\/08\/Alvaro-Cueto-Conseillier-municipal-District-Iberville-Longueuil-1024x585.jpg 1024w, https:\/\/espoir-qc.ca\/wp-content\/uploads\/2024\/08\/Alvaro-Cueto-Conseillier-municipal-District-Iberville-Longueuil-300x171.jpg 300w, https:\/\/espoir-qc.ca\/wp-content\/uploads\/2024\/08\/Alvaro-Cueto-Conseillier-municipal-District-Iberville-Longueuil-768x439.jpg 768w, https:\/\/espoir-qc.ca\/wp-content\/uploads\/2024\/08\/Alvaro-Cueto-Conseillier-municipal-District-Iberville-Longueuil-816x466.jpg 816w, https:\/\/espoir-qc.ca\/wp-content\/uploads\/2024\/08\/Alvaro-Cueto-Conseillier-municipal-District-Iberville-Longueuil.jpg 1173w\" sizes=\"(max-width: 616px) 100vw, 616px\" \/><\/h3>\n<\/td>\n<td style=\"width: 50%;\">\n<h3><img loading=\"lazy\" decoding=\"async\" class=\"wp-image-962 aligncenter\" src=\"http:\/\/espoir-qc.ca\/wp-content\/uploads\/2024\/08\/Restaurant-Boustan.jpeg\" alt=\"\" width=\"263\" height=\"393\" srcset=\"https:\/\/espoir-qc.ca\/wp-content\/uploads\/2024\/08\/Restaurant-Boustan.jpeg 607w, https:\/\/espoir-qc.ca\/wp-content\/uploads\/2024\/08\/Restaurant-Boustan-200x300.jpeg 200w\" sizes=\"(max-width: 263px) 100vw, 263px\" \/><\/h3>\n<\/td>\n<\/tr>\n<tr>\n<td style=\"width: 50%;\">\n<h3>Linda Caron<\/h3>\n<\/td>\n<td style=\"width: 50%;\">\n<h3>Pharmacy Jean Coutu<\/h3>\n<\/td>\n<\/tr>\n<tr>\n<td style=\"width: 50%;\">\n<h3><img loading=\"lazy\" decoding=\"async\" class=\"alignnone size-large wp-image-1088\" src=\"http:\/\/espoir-qc.ca\/wp-content\/uploads\/2024\/09\/Linda-Caron-1024x614.jpg\" alt=\"\" width=\"616\" height=\"369\" srcset=\"https:\/\/espoir-qc.ca\/wp-content\/uploads\/2024\/09\/Linda-Caron-1024x614.jpg 1024w, https:\/\/espoir-qc.ca\/wp-content\/uploads\/2024\/09\/Linda-Caron-300x180.jpg 300w, https:\/\/espoir-qc.ca\/wp-content\/uploads\/2024\/09\/Linda-Caron-768x461.jpg 768w, https:\/\/espoir-qc.ca\/wp-content\/uploads\/2024\/09\/Linda-Caron-1536x922.jpg 1536w, https:\/\/espoir-qc.ca\/wp-content\/uploads\/2024\/09\/Linda-Caron-816x490.jpg 816w, https:\/\/espoir-qc.ca\/wp-content\/uploads\/2024\/09\/Linda-Caron.jpg 1800w\" sizes=\"(max-width: 616px) 100vw, 616px\" \/><\/h3>\n<\/td>\n<td style=\"width: 50%;\"><img loading=\"lazy\" decoding=\"async\" class=\"size-full wp-image-1071 aligncenter\" src=\"http:\/\/espoir-qc.ca\/wp-content\/uploads\/2024\/09\/JeanCoutu3-1.jpg\" alt=\"\" width=\"240\" height=\"340\" srcset=\"https:\/\/espoir-qc.ca\/wp-content\/uploads\/2024\/09\/JeanCoutu3-1.jpg 240w, https:\/\/espoir-qc.ca\/wp-content\/uploads\/2024\/09\/JeanCoutu3-1-212x300.jpg 212w\" sizes=\"(max-width: 240px) 100vw, 240px\" \/><\/td>\n<\/tr>\n<tr>\n<td style=\"width: 50%;\">\n<h3>Suzanne Roy<\/h3>\n<\/td>\n<td style=\"width: 50%;\">\n<h3>Centre M\u00e9dical Bethanie<\/h3>\n<\/td>\n<\/tr>\n<tr>\n<td style=\"width: 50%;\">\n<h3><img loading=\"lazy\" decoding=\"async\" class=\"alignnone size-large wp-image-1091\" src=\"http:\/\/espoir-qc.ca\/wp-content\/uploads\/2024\/09\/SuzanneRoy-1-1024x585.png\" alt=\"\" width=\"616\" height=\"352\" srcset=\"https:\/\/espoir-qc.ca\/wp-content\/uploads\/2024\/09\/SuzanneRoy-1-1024x585.png 1024w, https:\/\/espoir-qc.ca\/wp-content\/uploads\/2024\/09\/SuzanneRoy-1-300x171.png 300w, https:\/\/espoir-qc.ca\/wp-content\/uploads\/2024\/09\/SuzanneRoy-1-768x439.png 768w, https:\/\/espoir-qc.ca\/wp-content\/uploads\/2024\/09\/SuzanneRoy-1-816x466.png 816w, https:\/\/espoir-qc.ca\/wp-content\/uploads\/2024\/09\/SuzanneRoy-1.png 1050w\" sizes=\"(max-width: 616px) 100vw, 616px\" \/><\/h3>\n<\/td>\n<td style=\"width: 50%;\">\n<h3><img loading=\"lazy\" decoding=\"async\" class=\"alignnone size-large wp-image-1065\" src=\"http:\/\/espoir-qc.ca\/wp-content\/uploads\/2024\/09\/centre-Medical-Bethanie-1-768x1024.png\" alt=\"\" width=\"616\" height=\"821\" srcset=\"https:\/\/espoir-qc.ca\/wp-content\/uploads\/2024\/09\/centre-Medical-Bethanie-1-768x1024.png 768w, https:\/\/espoir-qc.ca\/wp-content\/uploads\/2024\/09\/centre-Medical-Bethanie-1-225x300.png 225w, https:\/\/espoir-qc.ca\/wp-content\/uploads\/2024\/09\/centre-Medical-Bethanie-1-1152x1536.png 1152w, https:\/\/espoir-qc.ca\/wp-content\/uploads\/2024\/09\/centre-Medical-Bethanie-1-1536x2048.png 1536w, https:\/\/espoir-qc.ca\/wp-content\/uploads\/2024\/09\/centre-Medical-Bethanie-1-816x1088.png 816w, https:\/\/espoir-qc.ca\/wp-content\/uploads\/2024\/09\/centre-Medical-Bethanie-1.png 1728w\" sizes=\"(max-width: 616px) 100vw, 616px\" \/><\/h3>\n<\/td>\n<\/tr>\n<tr>\n<td style=\"width: 50%;\">\n<h3>Ian Lafreni\u00e8re<\/h3>\n<\/td>\n<td style=\"width: 50%;\">\n<h3>Clinique Dentaire Milan<\/h3>\n<\/td>\n<\/tr>\n<tr>\n<td style=\"width: 50%;\">\n<h3><img loading=\"lazy\" decoding=\"async\" class=\"alignnone size-large wp-image-1062\" src=\"http:\/\/espoir-qc.ca\/wp-content\/uploads\/2024\/09\/Carte-professionnelle-depute-et-ministre.43e-Legislature-1-1024x576.jpg\" alt=\"\" width=\"616\" height=\"347\" srcset=\"https:\/\/espoir-qc.ca\/wp-content\/uploads\/2024\/09\/Carte-professionnelle-depute-et-ministre.43e-Legislature-1-1024x576.jpg 1024w, https:\/\/espoir-qc.ca\/wp-content\/uploads\/2024\/09\/Carte-professionnelle-depute-et-ministre.43e-Legislature-1-300x169.jpg 300w, https:\/\/espoir-qc.ca\/wp-content\/uploads\/2024\/09\/Carte-professionnelle-depute-et-ministre.43e-Legislature-1-768x432.jpg 768w, https:\/\/espoir-qc.ca\/wp-content\/uploads\/2024\/09\/Carte-professionnelle-depute-et-ministre.43e-Legislature-1-1536x864.jpg 1536w, https:\/\/espoir-qc.ca\/wp-content\/uploads\/2024\/09\/Carte-professionnelle-depute-et-ministre.43e-Legislature-1-816x459.jpg 816w, https:\/\/espoir-qc.ca\/wp-content\/uploads\/2024\/09\/Carte-professionnelle-depute-et-ministre.43e-Legislature-1.jpg 1920w\" sizes=\"(max-width: 616px) 100vw, 616px\" \/><\/h3>\n<\/td>\n<td style=\"width: 50%;\">\n<h3><img loading=\"lazy\" decoding=\"async\" class=\"alignnone size-large wp-image-964\" src=\"http:\/\/espoir-qc.ca\/wp-content\/uploads\/2024\/08\/Clinique-Dentaire-Milan-1024x791.png\" alt=\"\" width=\"616\" height=\"476\" srcset=\"https:\/\/espoir-qc.ca\/wp-content\/uploads\/2024\/08\/Clinique-Dentaire-Milan-1024x791.png 1024w, https:\/\/espoir-qc.ca\/wp-content\/uploads\/2024\/08\/Clinique-Dentaire-Milan-300x232.png 300w, https:\/\/espoir-qc.ca\/wp-content\/uploads\/2024\/08\/Clinique-Dentaire-Milan-768x593.png 768w, https:\/\/espoir-qc.ca\/wp-content\/uploads\/2024\/08\/Clinique-Dentaire-Milan-1536x1187.png 1536w, https:\/\/espoir-qc.ca\/wp-content\/uploads\/2024\/08\/Clinique-Dentaire-Milan-816x630.png 816w, https:\/\/espoir-qc.ca\/wp-content\/uploads\/2024\/08\/Clinique-Dentaire-Milan.png 2000w\" sizes=\"(max-width: 616px) 100vw, 616px\" \/><\/h3>\n<\/td>\n<\/tr>\n<tr>\n<td style=\"width: 50%;\">\n<h3>Isabelle Poulet<\/h3>\n<\/td>\n<td style=\"width: 50%;\">\n<h3>Access Pharma Ramy Hanna<\/h3>\n<\/td>\n<\/tr>\n<tr>\n<td style=\"width: 50%;\">\n<h3><img loading=\"lazy\" decoding=\"async\" class=\"alignnone size-large wp-image-1092\" src=\"http:\/\/espoir-qc.ca\/wp-content\/uploads\/2024\/09\/Isabelle-Poulet-1-1024x576.png\" alt=\"\" width=\"616\" height=\"347\" srcset=\"https:\/\/espoir-qc.ca\/wp-content\/uploads\/2024\/09\/Isabelle-Poulet-1-1024x576.png 1024w, https:\/\/espoir-qc.ca\/wp-content\/uploads\/2024\/09\/Isabelle-Poulet-1-300x169.png 300w, https:\/\/espoir-qc.ca\/wp-content\/uploads\/2024\/09\/Isabelle-Poulet-1-768x432.png 768w, https:\/\/espoir-qc.ca\/wp-content\/uploads\/2024\/09\/Isabelle-Poulet-1-1536x864.png 1536w, https:\/\/espoir-qc.ca\/wp-content\/uploads\/2024\/09\/Isabelle-Poulet-1-816x459.png 816w, https:\/\/espoir-qc.ca\/wp-content\/uploads\/2024\/09\/Isabelle-Poulet-1.png 1920w\" sizes=\"(max-width: 616px) 100vw, 616px\" \/><\/h3>\n<\/td>\n<td style=\"width: 50%;\">\n<h3><img loading=\"lazy\" decoding=\"async\" class=\"alignnone size-large wp-image-965\" src=\"http:\/\/espoir-qc.ca\/wp-content\/uploads\/2024\/08\/Acces-Pharma-Ramy-Hanna--1024x614.jpg\" alt=\"\" width=\"616\" height=\"369\" srcset=\"https:\/\/espoir-qc.ca\/wp-content\/uploads\/2024\/08\/Acces-Pharma-Ramy-Hanna--1024x614.jpg 1024w, https:\/\/espoir-qc.ca\/wp-content\/uploads\/2024\/08\/Acces-Pharma-Ramy-Hanna--300x180.jpg 300w, https:\/\/espoir-qc.ca\/wp-content\/uploads\/2024\/08\/Acces-Pharma-Ramy-Hanna--768x460.jpg 768w, https:\/\/espoir-qc.ca\/wp-content\/uploads\/2024\/08\/Acces-Pharma-Ramy-Hanna--816x489.jpg 816w, https:\/\/espoir-qc.ca\/wp-content\/uploads\/2024\/08\/Acces-Pharma-Ramy-Hanna-.jpg 1285w\" sizes=\"(max-width: 616px) 100vw, 616px\" \/><\/h3>\n<\/td>\n<\/tr>\n<tr>\n<td style=\"width: 50%;\">\n<h3>Chantal Rouleau<\/h3>\n<\/td>\n<td style=\"width: 50%;\">\n<h3>La Maison Darche &#8211; Services Fun\u00e9raires Dignit\u00e9<\/h3>\n<\/td>\n<\/tr>\n<tr>\n<td style=\"width: 50%;\">\n<h3><img loading=\"lazy\" decoding=\"async\" class=\"alignnone size-large wp-image-1093\" src=\"http:\/\/espoir-qc.ca\/wp-content\/uploads\/2024\/09\/mars-carte-daffaires-1-1024x576.png\" alt=\"\" width=\"616\" height=\"347\" srcset=\"https:\/\/espoir-qc.ca\/wp-content\/uploads\/2024\/09\/mars-carte-daffaires-1-1024x576.png 1024w, https:\/\/espoir-qc.ca\/wp-content\/uploads\/2024\/09\/mars-carte-daffaires-1-300x169.png 300w, https:\/\/espoir-qc.ca\/wp-content\/uploads\/2024\/09\/mars-carte-daffaires-1-768x432.png 768w, https:\/\/espoir-qc.ca\/wp-content\/uploads\/2024\/09\/mars-carte-daffaires-1-1536x864.png 1536w, https:\/\/espoir-qc.ca\/wp-content\/uploads\/2024\/09\/mars-carte-daffaires-1-816x459.png 816w, https:\/\/espoir-qc.ca\/wp-content\/uploads\/2024\/09\/mars-carte-daffaires-1.png 1920w\" sizes=\"(max-width: 616px) 100vw, 616px\" \/><\/h3>\n<\/td>\n<td style=\"width: 50%;\">\n<h3><img loading=\"lazy\" decoding=\"async\" class=\"size-full wp-image-966 aligncenter\" src=\"http:\/\/espoir-qc.ca\/wp-content\/uploads\/2024\/08\/La-Maison-Darche-Services-Funeraires-Dignite.jpg\" alt=\"\" width=\"220\" height=\"220\" srcset=\"https:\/\/espoir-qc.ca\/wp-content\/uploads\/2024\/08\/La-Maison-Darche-Services-Funeraires-Dignite.jpg 220w, https:\/\/espoir-qc.ca\/wp-content\/uploads\/2024\/08\/La-Maison-Darche-Services-Funeraires-Dignite-150x150.jpg 150w, https:\/\/espoir-qc.ca\/wp-content\/uploads\/2024\/08\/La-Maison-Darche-Services-Funeraires-Dignite-88x88.jpg 88w\" sizes=\"(max-width: 220px) 100vw, 220px\" \/><\/h3>\n<\/td>\n<\/tr>\n<tr>\n<td style=\"width: 50%;\">\n<h3>Sherry Romanado<\/h3>\n<\/td>\n<td style=\"width: 50%;\">\n<h3>MTA CPA &#8211; Services Comptables<\/h3>\n<\/td>\n<\/tr>\n<tr>\n<td style=\"width: 50%;\">\n<h3><img loading=\"lazy\" decoding=\"async\" class=\"alignnone size-large wp-image-972\" src=\"http:\/\/espoir-qc.ca\/wp-content\/uploads\/2024\/08\/Carte-affaires_SRomanado-1024x585.jpg\" alt=\"\" width=\"616\" height=\"352\" srcset=\"https:\/\/espoir-qc.ca\/wp-content\/uploads\/2024\/08\/Carte-affaires_SRomanado-1024x585.jpg 1024w, https:\/\/espoir-qc.ca\/wp-content\/uploads\/2024\/08\/Carte-affaires_SRomanado-300x171.jpg 300w, https:\/\/espoir-qc.ca\/wp-content\/uploads\/2024\/08\/Carte-affaires_SRomanado-768x439.jpg 768w, https:\/\/espoir-qc.ca\/wp-content\/uploads\/2024\/08\/Carte-affaires_SRomanado-816x466.jpg 816w, https:\/\/espoir-qc.ca\/wp-content\/uploads\/2024\/08\/Carte-affaires_SRomanado.jpg 1050w\" sizes=\"(max-width: 616px) 100vw, 616px\" \/><\/h3>\n<\/td>\n<td style=\"width: 50%;\">\n<h3><img loading=\"lazy\" decoding=\"async\" class=\"wp-image-967 aligncenter\" src=\"http:\/\/espoir-qc.ca\/wp-content\/uploads\/2024\/08\/PUB-MTA-ECLATS-DEGYPTE-FINALE-768x1024.png\" alt=\"\" width=\"297\" height=\"395\" srcset=\"https:\/\/espoir-qc.ca\/wp-content\/uploads\/2024\/08\/PUB-MTA-ECLATS-DEGYPTE-FINALE-768x1024.png 768w, https:\/\/espoir-qc.ca\/wp-content\/uploads\/2024\/08\/PUB-MTA-ECLATS-DEGYPTE-FINALE-225x300.png 225w, https:\/\/espoir-qc.ca\/wp-content\/uploads\/2024\/08\/PUB-MTA-ECLATS-DEGYPTE-FINALE-1152x1536.png 1152w, https:\/\/espoir-qc.ca\/wp-content\/uploads\/2024\/08\/PUB-MTA-ECLATS-DEGYPTE-FINALE-1536x2048.png 1536w, https:\/\/espoir-qc.ca\/wp-content\/uploads\/2024\/08\/PUB-MTA-ECLATS-DEGYPTE-FINALE-816x1088.png 816w, https:\/\/espoir-qc.ca\/wp-content\/uploads\/2024\/08\/PUB-MTA-ECLATS-DEGYPTE-FINALE.png 1728w\" sizes=\"(max-width: 297px) 100vw, 297px\" \/><\/h3>\n<\/td>\n<\/tr>\n<tr>\n<td style=\"width: 50%;\">\n<h3>Alexandra Mendes<\/h3>\n<\/td>\n<td style=\"width: 50%;\">\n<h3>Magasin Amira<\/h3>\n<\/td>\n<\/tr>\n<tr>\n<td style=\"width: 50%;\">\n<h3><img loading=\"lazy\" decoding=\"async\" class=\"alignnone size-full wp-image-974\" src=\"http:\/\/espoir-qc.ca\/wp-content\/uploads\/2024\/08\/Alexandra-Mendes-Deputee-Federale-Brossard-St-lambert.jpg\" alt=\"\" width=\"525\" height=\"300\" srcset=\"https:\/\/espoir-qc.ca\/wp-content\/uploads\/2024\/08\/Alexandra-Mendes-Deputee-Federale-Brossard-St-lambert.jpg 525w, https:\/\/espoir-qc.ca\/wp-content\/uploads\/2024\/08\/Alexandra-Mendes-Deputee-Federale-Brossard-St-lambert-300x171.jpg 300w\" sizes=\"(max-width: 525px) 100vw, 525px\" \/><\/h3>\n<\/td>\n<td style=\"width: 50%;\">\n<h3><img loading=\"lazy\" decoding=\"async\" class=\"alignnone size-large wp-image-968\" src=\"http:\/\/espoir-qc.ca\/wp-content\/uploads\/2024\/08\/Magasin-Amira-792x1024.jpg\" alt=\"\" width=\"616\" height=\"796\" srcset=\"https:\/\/espoir-qc.ca\/wp-content\/uploads\/2024\/08\/Magasin-Amira-792x1024.jpg 792w, https:\/\/espoir-qc.ca\/wp-content\/uploads\/2024\/08\/Magasin-Amira-232x300.jpg 232w, https:\/\/espoir-qc.ca\/wp-content\/uploads\/2024\/08\/Magasin-Amira-768x993.jpg 768w, https:\/\/espoir-qc.ca\/wp-content\/uploads\/2024\/08\/Magasin-Amira-816x1056.jpg 816w, https:\/\/espoir-qc.ca\/wp-content\/uploads\/2024\/08\/Magasin-Amira.jpg 1080w\" sizes=\"(max-width: 616px) 100vw, 616px\" \/><\/h3>\n<\/td>\n<\/tr>\n<tr>\n<td style=\"width: 50%;\">\n<h3>Ereny Bishara &#8211; Assurance<\/h3>\n<\/td>\n<td style=\"width: 50%;\">\n<h3>Egyptian Canadian Business Network<\/h3>\n<\/td>\n<\/tr>\n<tr>\n<td style=\"width: 50%;\">\n<h3><img loading=\"lazy\" decoding=\"async\" class=\" wp-image-970 aligncenter\" src=\"http:\/\/espoir-qc.ca\/wp-content\/uploads\/2024\/08\/Ereny-Bishara-Assurance-1024x564.jpg\" alt=\"\" width=\"311\" height=\"171\" srcset=\"https:\/\/espoir-qc.ca\/wp-content\/uploads\/2024\/08\/Ereny-Bishara-Assurance-1024x564.jpg 1024w, https:\/\/espoir-qc.ca\/wp-content\/uploads\/2024\/08\/Ereny-Bishara-Assurance-300x165.jpg 300w, https:\/\/espoir-qc.ca\/wp-content\/uploads\/2024\/08\/Ereny-Bishara-Assurance-768x423.jpg 768w, https:\/\/espoir-qc.ca\/wp-content\/uploads\/2024\/08\/Ereny-Bishara-Assurance-816x450.jpg 816w, https:\/\/espoir-qc.ca\/wp-content\/uploads\/2024\/08\/Ereny-Bishara-Assurance.jpg 1029w\" sizes=\"(max-width: 311px) 100vw, 311px\" \/><\/h3>\n<\/td>\n<td style=\"width: 50%;\">\n<h3><img loading=\"lazy\" decoding=\"async\" class=\"alignnone  wp-image-969\" src=\"http:\/\/espoir-qc.ca\/wp-content\/uploads\/2024\/08\/Egyptian-Canadian-Business-Network.jpg\" alt=\"\" width=\"300\" height=\"399\" srcset=\"https:\/\/espoir-qc.ca\/wp-content\/uploads\/2024\/08\/Egyptian-Canadian-Business-Network.jpg 720w, https:\/\/espoir-qc.ca\/wp-content\/uploads\/2024\/08\/Egyptian-Canadian-Business-Network-225x300.jpg 225w\" sizes=\"(max-width: 300px) 100vw, 300px\" \/><\/h3>\n<\/td>\n<\/tr>\n<tr>\n<td style=\"width: 50%;\">\n<h3><\/h3>\n<\/td>\n<td style=\"width: 50%;\">\n<h3>Restaurant Van Houtte<\/h3>\n<\/td>\n<\/tr>\n<tr>\n<td style=\"width: 50%;\">\n<h3><\/h3>\n<\/td>\n<td style=\"width: 50%;\">\n<h3><img loading=\"lazy\" decoding=\"async\" class=\"wp-image-971 aligncenter\" src=\"http:\/\/espoir-qc.ca\/wp-content\/uploads\/2024\/08\/Van-Houtte-Mail-Champlain-1024x768.png\" alt=\"\" width=\"288\" height=\"215\" srcset=\"https:\/\/espoir-qc.ca\/wp-content\/uploads\/2024\/08\/Van-Houtte-Mail-Champlain-1024x768.png 1024w, https:\/\/espoir-qc.ca\/wp-content\/uploads\/2024\/08\/Van-Houtte-Mail-Champlain-300x225.png 300w, https:\/\/espoir-qc.ca\/wp-content\/uploads\/2024\/08\/Van-Houtte-Mail-Champlain-768x576.png 768w, https:\/\/espoir-qc.ca\/wp-content\/uploads\/2024\/08\/Van-Houtte-Mail-Champlain-1536x1152.png 1536w, https:\/\/espoir-qc.ca\/wp-content\/uploads\/2024\/08\/Van-Houtte-Mail-Champlain-816x612.png 816w, https:\/\/espoir-qc.ca\/wp-content\/uploads\/2024\/08\/Van-Houtte-Mail-Champlain.png 2048w\" sizes=\"(max-width: 288px) 100vw, 288px\" \/><\/h3>\n<\/td>\n<\/tr>\n<\/tbody>\n<\/table>\n<h3><\/h3>\n","protected":false},"excerpt":{"rendered":"<p>Ville de Brossard Daniel Lucier Banque CIBC Catherine Fournier March\u00e9 Adonis Alvaro Cueto Restaurant Boustan Linda Caron Pharmacy Jean Coutu Suzanne Roy Centre M\u00e9dical Bethanie Ian Lafreni\u00e8re Clinique Dentaire Milan Isabelle Poulet Access Pharma Ramy Hanna Chantal Rouleau La Maison Darche &#8211; Services Fun\u00e9raires Dignit\u00e9 Sherry Romanado MTA CPA &#8211; Services Comptables Alexandra Mendes Magasin [&hellip;]<\/p>\n","protected":false},"author":2,"featured_media":0,"parent":0,"menu_order":0,"comment_status":"closed","ping_status":"closed","template":"","meta":{"footnotes":""},"class_list":["post-959","page","type-page","status-publish","hentry"],"_links":{"self":[{"href":"https:\/\/espoir-qc.ca\/index.php?rest_route=\/wp\/v2\/pages\/959"}],"collection":[{"href":"https:\/\/espoir-qc.ca\/index.php?rest_route=\/wp\/v2\/pages"}],"about":[{"href":"https:\/\/espoir-qc.ca\/index.php?rest_route=\/wp\/v2\/types\/page"}],"author":[{"embeddable":true,"href":"https:\/\/espoir-qc.ca\/index.php?rest_route=\/wp\/v2\/users\/2"}],"replies":[{"embeddable":true,"href":"https:\/\/espoir-qc.ca\/index.php?rest_route=%2Fwp%2Fv2%2Fcomments&post=959"}],"version-history":[{"count":31,"href":"https:\/\/espoir-qc.ca\/index.php?rest_route=\/wp\/v2\/pages\/959\/revisions"}],"predecessor-version":[{"id":1107,"href":"https:\/\/espoir-qc.ca\/index.php?rest_route=\/wp\/v2\/pages\/959\/revisions\/1107"}],"wp:attachment":[{"href":"https:\/\/espoir-qc.ca\/index.php?rest_route=%2Fwp%2Fv2%2Fmedia&parent=959"}],"curies":[{"name":"wp","href":"https:\/\/api.w.org\/{rel}","templated":true}]}}